{"id":210,"date":"2024-03-21T10:56:45","date_gmt":"2024-03-21T10:56:45","guid":{"rendered":"https:\/\/www.pezus.co.ao\/?page_id=210"},"modified":"2024-03-27T11:41:58","modified_gmt":"2024-03-27T11:41:58","slug":"servicos","status":"publish","type":"page","link":"https:\/\/www.pezus.co.ao\/?page_id=210","title":{"rendered":"Servi\u00e7os"},"content":{"rendered":"\n<blockquote class=\"wp-block-quote is-style-plain\">\n<h2 class=\"wp-block-heading has-text-align-left\"><mark style=\"background-color:rgba(0, 0, 0, 0)\" class=\"has-inline-color has-vivid-red-color\"><strong>Aplicamos m\u00e1rmore e granito \u00e0 medida e ao gosto do cliente, com direito a assist\u00eancia p\u00f3s venda dos servi\u00e7os.<\/strong><\/mark><\/h2>\n<\/blockquote>\n\n\n\n<p><\/p>\n\n\n\n<p><\/p>\n\n\n\n<div class=\"wp-block-media-text is-stacked-on-mobile\"><figure class=\"wp-block-media-text__media\"><video controls src=\"https:\/\/www.pezus.co.ao\/wp-content\/uploads\/2024\/03\/PEZUS-SERVICOS-1.mp4\"><\/video><\/figure><div class=\"wp-block-media-text__content\">\n<p>Mesas \u00e0s esculturas, jazigos aos fonten\u00e1rios, e pedras de cozinha aos pavimentos, nossa dedica\u00e7\u00e3o \u00e0 aplica\u00e7\u00e3o habilidosa e \u00e0 qualidade excepcional garante uma experi\u00eancia \u00fanica e sofisticada em todos os aspectos do design e da constru\u00e7\u00e3o.<\/p>\n<\/div><\/div>\n\n\n\n<p><\/p>\n\n\n\n<div class=\"wp-block-media-text is-stacked-on-mobile\"><figure class=\"wp-block-media-text__media\"><video controls src=\"https:\/\/www.pezus.co.ao\/wp-content\/uploads\/2024\/03\/PEZUS-SERVICOS-2.mp4\"><\/video><\/figure><div class=\"wp-block-media-text__content\">\n<p><br>Em Luanda, a aplica\u00e7\u00e3o de m\u00e1rmores e granitos \u00e9 uma express\u00e3o vibrante de luxo e sofistica\u00e7\u00e3o. Dos revestimentos de pisos e paredes em resid\u00eancias de alto padr\u00e3o aos elegantes balc\u00f5es de lojas e restaurantes, o uso dessas pedras naturais adiciona um toque de requinte aos espa\u00e7os urbanos da cidade.<\/p>\n<\/div><\/div>\n\n\n\n<p><\/p>\n","protected":false},"excerpt":{"rendered":"<p>Aplicamos m\u00e1rmore e granito \u00e0 medida e ao gosto do cliente, com direito a assist\u00eancia p\u00f3s venda dos servi\u00e7os. Mesas \u00e0s esculturas, jazigos aos fonten\u00e1rios, e pedras de cozinha aos &#8230;<\/p>\n","protected":false},"author":4,"featured_media":0,"parent":0,"menu_order":0,"comment_status":"closed","ping_status":"closed","template":"","meta":{"footnotes":""},"_links":{"self":[{"href":"https:\/\/www.pezus.co.ao\/index.php?rest_route=\/wp\/v2\/pages\/210"}],"collection":[{"href":"https:\/\/www.pezus.co.ao\/index.php?rest_route=\/wp\/v2\/pages"}],"about":[{"href":"https:\/\/www.pezus.co.ao\/index.php?rest_route=\/wp\/v2\/types\/page"}],"author":[{"embeddable":true,"href":"https:\/\/www.pezus.co.ao\/index.php?rest_route=\/wp\/v2\/users\/4"}],"replies":[{"embeddable":true,"href":"https:\/\/www.pezus.co.ao\/index.php?rest_route=%2Fwp%2Fv2%2Fcomments&post=210"}],"version-history":[{"count":11,"href":"https:\/\/www.pezus.co.ao\/index.php?rest_route=\/wp\/v2\/pages\/210\/revisions"}],"predecessor-version":[{"id":556,"href":"https:\/\/www.pezus.co.ao\/index.php?rest_route=\/wp\/v2\/pages\/210\/revisions\/556"}],"wp:attachment":[{"href":"https:\/\/www.pezus.co.ao\/index.php?rest_route=%2Fwp%2Fv2%2Fmedia&parent=210"}],"curies":[{"name":"wp","href":"https:\/\/api.w.org\/{rel}","templated":true}]}}